{"id":7,"date":"2023-09-04T15:13:46","date_gmt":"2023-09-04T15:13:46","guid":{"rendered":"https:\/\/sayvaluation.com\/?page_id=7"},"modified":"2026-04-19T22:17:19","modified_gmt":"2026-04-19T22:17:19","slug":"investment-home","status":"publish","type":"page","link":"https:\/\/sayvaluation.com\/","title":{"rendered":"Home"},"content":{"rendered":"<p><div class=\"fusion-fullwidth fullwidth-box fusion-builder-row-1 fusion-flex-container has-pattern-background has-mask-background nonhundred-percent-fullwidth non-hundred-percent-height-scrolling\" style=\"--awb-border-radius-top-left:0px;--awb-border-radius-top-right:0px;--awb-border-radius-bottom-right:0px;--awb-border-radius-bottom-left:0px;--awb-flex-wrap:wrap;\" ><div class=\"fusion-builder-row fusion-row fusion-flex-align-items-flex-start fusion-flex-content-wrap\" style=\"max-width:1248px;margin-left: calc(-4% \/ 2 );margin-right: calc(-4% \/ 2 );\"><div class=\"fusion-layout-column fusion_builder_column fusion-builder-column-0 fusion_builder_column_1_1 1_1 fusion-flex-column\" style=\"--awb-bg-size:cover;--awb-width-large:100%;--awb-spacing-right-large:1.92%;--awb-margin-bottom-large:0px;--awb-spacing-left-large:1.92%;--awb-width-medium:100%;--awb-order-medium:0;--awb-spacing-right-medium:1.92%;--awb-spacing-left-medium:1.92%;--awb-width-small:100%;--awb-order-small:0;--awb-spacing-right-small:1.92%;--awb-spacing-left-small:1.92%;\"><div class=\"fusion-column-wrapper fusion-column-has-shadow fusion-flex-justify-content-flex-start fusion-content-layout-column\"><div class=\"fusion-title title fusion-title-1 fusion-sep-none fusion-title-center fusion-title-text fusion-title-size-one\" style=\"--awb-text-color:var(--awb-color8);--awb-margin-top-small:10px;--awb-margin-right-small:0px;--awb-margin-bottom-small:10px;--awb-margin-left-small:0px;\"><h1 class=\"fusion-title-heading title-heading-center fusion-responsive-typography-calculated\" style=\"margin:0;text-transform:none;--fontSize:62;line-height:var(--awb-typography1-line-height);\">Te ofrecemos un <strong><span style=\"color: #339966;\">consultor IA<\/span><\/strong> que te eval\u00faa, interpreta tus resultados, te gu\u00eda con recomendaciones y un plan de acci\u00f3n.<\/h1><\/div><div class=\"fusion-title title fusion-title-2 fusion-sep-none fusion-title-center fusion-title-text fusion-title-size-div\" style=\"--awb-text-color:var(--awb-color6);--awb-margin-bottom:32px;--awb-margin-top-small:10px;--awb-margin-right-small:0px;--awb-margin-bottom-small:10px;--awb-margin-left-small:0px;--awb-font-size:24px;\"><div class=\"fusion-title-heading title-heading-center title-heading-tag fusion-responsive-typography-calculated\" style=\"font-family:&quot;Plus Jakarta Sans&quot;;font-style:normal;font-weight:400;margin:0;font-size:1em;--fontSize:24;line-height:1.6;\">Elige tu consultor IA y empieza a mejorar <span style=\"color: #26d370;\">hoy<\/span><\/div><\/div><\/div><\/div><div class=\"fusion-layout-column fusion_builder_column fusion-builder-column-1 fusion_builder_column_1_3 1_3 fusion-flex-column\" style=\"--awb-bg-size:cover;--awb-width-large:33.333333333333%;--awb-spacing-right-large:5.76%;--awb-margin-bottom-large:0px;--awb-spacing-left-large:5.76%;--awb-width-medium:33.333333333333%;--awb-order-medium:0;--awb-spacing-right-medium:5.76%;--awb-spacing-left-medium:5.76%;--awb-width-small:100%;--awb-order-small:0;--awb-spacing-right-small:1.92%;--awb-spacing-left-small:1.92%;\"><div class=\"fusion-column-wrapper fusion-column-has-shadow fusion-flex-justify-content-flex-start fusion-content-layout-column\"><div class=\"fusion-image-element \" style=\"text-align:center;--awb-caption-title-font-family:var(--h2_typography-font-family);--awb-caption-title-font-weight:var(--h2_typography-font-weight);--awb-caption-title-font-style:var(--h2_typography-font-style);--awb-caption-title-size:var(--h2_typography-font-size);--awb-caption-title-transform:var(--h2_typography-text-transform);--awb-caption-title-line-height:var(--h2_typography-line-height);--awb-caption-title-letter-spacing:var(--h2_typography-letter-spacing);\"><span class=\" fusion-imageframe imageframe-none imageframe-1 hover-type-none\" style=\"border-radius:10px;\"><a class=\"fusion-no-lightbox\" href=\"http:\/\/18.235.38.94\/?page_id=4386\" target=\"_self\" aria-label=\"Captura-de-pantalla-2025-12-12-a-las-3.29.06\u202fp.m-183&#215;300\"><img decoding=\"async\" width=\"183\" height=\"300\" src=\"https:\/\/sayvaluation.com\/wp-content\/uploads\/2026\/04\/Captura-de-pantalla-2025-12-12-a-las-3.29.06-p.m-183x300-1.png\" alt class=\"img-responsive wp-image-4457\"\/><\/a><\/span><\/div><div class=\"fusion-text fusion-text-1\"><h4 style=\"text-align: center;\">Experto IA en procesos empresariales y cumplimiento normativo<\/h4>\n<\/div><\/div><\/div><div class=\"fusion-layout-column fusion_builder_column fusion-builder-column-2 fusion_builder_column_1_3 1_3 fusion-flex-column\" style=\"--awb-bg-size:cover;--awb-width-large:33.333333333333%;--awb-spacing-right-large:5.76%;--awb-margin-bottom-large:0px;--awb-spacing-left-large:5.76%;--awb-width-medium:33.333333333333%;--awb-order-medium:0;--awb-spacing-right-medium:5.76%;--awb-spacing-left-medium:5.76%;--awb-width-small:100%;--awb-order-small:0;--awb-spacing-right-small:1.92%;--awb-spacing-left-small:1.92%;\"><div class=\"fusion-column-wrapper fusion-column-has-shadow fusion-flex-justify-content-flex-start fusion-content-layout-column\"><div class=\"fusion-image-element \" style=\"text-align:center;--awb-caption-title-font-family:var(--h2_typography-font-family);--awb-caption-title-font-weight:var(--h2_typography-font-weight);--awb-caption-title-font-style:var(--h2_typography-font-style);--awb-caption-title-size:var(--h2_typography-font-size);--awb-caption-title-transform:var(--h2_typography-text-transform);--awb-caption-title-line-height:var(--h2_typography-line-height);--awb-caption-title-letter-spacing:var(--h2_typography-letter-spacing);\"><span class=\" fusion-imageframe imageframe-none imageframe-2 hover-type-none\" style=\"border-radius:10px;\"><a class=\"fusion-no-lightbox\" href=\"http:\/\/18.235.38.94\/?page_id=4389\" target=\"_self\" aria-label=\"Captura-de-pantalla-2025-12-12-a-las-3.29.45\u202fp.m-181&#215;300\"><img decoding=\"async\" width=\"181\" height=\"300\" src=\"https:\/\/sayvaluation.com\/wp-content\/uploads\/2026\/04\/Captura-de-pantalla-2025-12-12-a-las-3.29.45-p.m-181x300-1.png\" alt class=\"img-responsive wp-image-4458\"\/><\/a><\/span><\/div><div class=\"fusion-text fusion-text-2\"><h4 style=\"text-align: center;\">Experta IA en selecci\u00f3n de personal y gesti\u00f3n humana<\/h4>\n<\/div><\/div><\/div><div class=\"fusion-layout-column fusion_builder_column fusion-builder-column-3 fusion_builder_column_1_3 1_3 fusion-flex-column\" style=\"--awb-bg-size:cover;--awb-width-large:33.333333333333%;--awb-spacing-right-large:5.76%;--awb-margin-bottom-large:0px;--awb-spacing-left-large:5.76%;--awb-width-medium:33.333333333333%;--awb-order-medium:0;--awb-spacing-right-medium:5.76%;--awb-spacing-left-medium:5.76%;--awb-width-small:100%;--awb-order-small:0;--awb-spacing-right-small:1.92%;--awb-spacing-left-small:1.92%;\"><div class=\"fusion-column-wrapper fusion-column-has-shadow fusion-flex-justify-content-flex-start fusion-content-layout-column\"><div class=\"fusion-image-element \" style=\"text-align:center;--awb-caption-title-font-family:var(--h2_typography-font-family);--awb-caption-title-font-weight:var(--h2_typography-font-weight);--awb-caption-title-font-style:var(--h2_typography-font-style);--awb-caption-title-size:var(--h2_typography-font-size);--awb-caption-title-transform:var(--h2_typography-text-transform);--awb-caption-title-line-height:var(--h2_typography-line-height);--awb-caption-title-letter-spacing:var(--h2_typography-letter-spacing);\"><span class=\" fusion-imageframe imageframe-none imageframe-3 hover-type-none\" style=\"border-radius:10px;\"><a class=\"fusion-no-lightbox\" href=\"http:\/\/18.235.38.94\/?page_id=4393\" target=\"_self\" aria-label=\"Captura-de-pantalla-2025-12-12-a-las-3.30.11\u202fp.m-176&#215;300\"><img decoding=\"async\" width=\"176\" height=\"300\" src=\"https:\/\/sayvaluation.com\/wp-content\/uploads\/2026\/04\/Captura-de-pantalla-2025-12-12-a-las-3.30.11-p.m-176x300-1.png\" alt class=\"img-responsive wp-image-4459\"\/><\/a><\/span><\/div><div class=\"fusion-text fusion-text-3\"><h4 style=\"text-align: center;\">Experta IA en bienestar personal y desarrollo del ser<\/h4>\n<\/div><\/div><\/div><\/div><\/div><div class=\"fusion-fullwidth fullwidth-box fusion-builder-row-2 fusion-flex-container has-pattern-background has-mask-background nonhundred-percent-fullwidth non-hundred-percent-height-scrolling\" style=\"--awb-border-radius-top-left:0px;--awb-border-radius-top-right:0px;--awb-border-radius-bottom-right:0px;--awb-border-radius-bottom-left:0px;--awb-padding-bottom:66px;--awb-flex-wrap:wrap;\" ><div class=\"fusion-builder-row fusion-row fusion-flex-align-items-flex-start fusion-flex-content-wrap\" style=\"max-width:1248px;margin-left: calc(-4% \/ 2 );margin-right: calc(-4% \/ 2 );\"><div class=\"fusion-layout-column fusion_builder_column fusion-builder-column-4 fusion_builder_column_1_1 1_1 fusion-flex-column\" style=\"--awb-bg-size:cover;--awb-width-large:100%;--awb-spacing-right-large:1.92%;--awb-margin-bottom-large:0px;--awb-spacing-left-large:1.92%;--awb-width-medium:100%;--awb-order-medium:0;--awb-spacing-right-medium:1.92%;--awb-spacing-left-medium:1.92%;--awb-width-small:100%;--awb-order-small:0;--awb-spacing-right-small:1.92%;--awb-spacing-left-small:1.92%;\"><div class=\"fusion-column-wrapper fusion-column-has-shadow fusion-flex-justify-content-flex-start fusion-content-layout-column\"><div class=\"fusion-title title fusion-title-3 fusion-sep-none fusion-title-center fusion-title-text fusion-title-size-two\" style=\"--awb-text-color:var(--awb-color8);--awb-margin-top-small:10px;--awb-margin-right-small:0px;--awb-margin-bottom-small:10px;--awb-margin-left-small:0px;\"><h2 class=\"fusion-title-heading title-heading-center fusion-responsive-typography-calculated\" style=\"margin:0;text-transform:none;--fontSize:48;line-height:var(--awb-typography1-line-height);\">La diferencia entre preguntar a una IA y ser evaluado por <strong><span style=\"color: #339966;\">SAYVALUATION<\/span><\/strong><\/h2><\/div><div class=\"fusion-text fusion-text-4\" style=\"--awb-margin-top:40px;\"><p data-start=\"530\" data-end=\"751\">En Sayvaluation, primero te <strong data-start=\"603\" data-end=\"659\">evaluamos con un diagn\u00f3stico dise\u00f1ado para cada tema<\/strong>, recopilamos la informaci\u00f3n correcta y la analizamos con el <strong data-start=\"717\" data-end=\"750\">consultor IA especializado<\/strong>.<\/p>\n<p data-start=\"753\" data-end=\"955\">El resultado no son respuestas gen\u00e9ricas, sino <strong data-start=\"800\" data-end=\"880\">insights claros, recomendaciones pr\u00e1cticas y un plan de acci\u00f3n personalizado<\/strong>, creados con el apoyo de <strong data-start=\"906\" data-end=\"954\">m\u00faltiples modelos de IA para mayor precisi\u00f3n<\/strong>.<\/p>\n<\/div><\/div><\/div><\/div><\/div><div class=\"fusion-fullwidth fullwidth-box fusion-builder-row-3 fusion-flex-container has-pattern-background has-mask-background nonhundred-percent-fullwidth non-hundred-percent-height-scrolling\" style=\"--awb-border-radius-top-left:0px;--awb-border-radius-top-right:0px;--awb-border-radius-bottom-right:0px;--awb-border-radius-bottom-left:0px;--awb-flex-wrap:wrap;\" ><div class=\"fusion-builder-row fusion-row fusion-flex-align-items-flex-start fusion-flex-content-wrap\" style=\"max-width:1248px;margin-left: calc(-4% \/ 2 );margin-right: calc(-4% \/ 2 );\"><div class=\"fusion-layout-column fusion_builder_column fusion-builder-column-5 fusion_builder_column_1_1 1_1 fusion-flex-column\" style=\"--awb-bg-size:cover;--awb-width-large:100%;--awb-spacing-right-large:1.92%;--awb-margin-bottom-large:0px;--awb-spacing-left-large:1.92%;--awb-width-medium:100%;--awb-order-medium:0;--awb-spacing-right-medium:1.92%;--awb-spacing-left-medium:1.92%;--awb-width-small:100%;--awb-order-small:0;--awb-spacing-right-small:1.92%;--awb-spacing-left-small:1.92%;\"><div class=\"fusion-column-wrapper fusion-column-has-shadow fusion-flex-justify-content-flex-start fusion-content-layout-column\"><div class=\"fusion-title title fusion-title-4 fusion-sep-none fusion-title-center fusion-title-text fusion-title-size-two\" style=\"--awb-text-color:var(--awb-color8);--awb-margin-top-small:10px;--awb-margin-right-small:0px;--awb-margin-bottom-small:10px;--awb-margin-left-small:0px;\"><h2 class=\"fusion-title-heading title-heading-center fusion-responsive-typography-calculated\" style=\"margin:0;text-transform:none;--fontSize:48;line-height:var(--awb-typography1-line-height);\">Elige el tema, nosotros te evaluamos<\/h2><\/div><div class=\"fusion-title title fusion-title-5 fusion-sep-none fusion-title-center fusion-title-text fusion-title-size-div\" style=\"--awb-text-color:var(--awb-color6);--awb-margin-bottom:32px;--awb-margin-top-small:10px;--awb-margin-right-small:0px;--awb-margin-bottom-small:10px;--awb-margin-left-small:0px;--awb-font-size:24px;\"><div class=\"fusion-title-heading title-heading-center title-heading-tag fusion-responsive-typography-calculated\" style=\"font-family:&quot;Plus Jakarta Sans&quot;;font-style:normal;font-weight:400;margin:0;text-transform:none;font-size:1em;--fontSize:24;line-height:1.6;\">Un consultor IA te entrega resultados, recomendaciones y pr\u00f3ximos pasos.<\/div><\/div><!-- Font Awesome (elim\u00ednalo si tu tema ya lo carga) -->\n<link href=\"https:\/\/cdnjs.cloudflare.com\/ajax\/libs\/font-awesome\/6.5.0\/css\/all.min.css\" rel=\"stylesheet\">\n\n<style>\n  \/* ===== Sayvaluation Buscador - Estilos ===== *\/\n  .sv-search-wrap { \n    --sv-primary: #002F6C;   \/* azul oscuro *\/\n    --sv-accent:  #26D370;   \/* verde Say *\/\n    --sv-bg: #ffffff;\n    --sv-text: #0f172a;\n    --sv-muted: #94a3b8;\n    --sv-border: #e2e8f0;\n    --sv-focus: rgba(38, 211, 112, .35);\n    width: 100%;\n    max-width: 780px;\n    margin: 18px auto;\n    font-family: system-ui, -apple-system, \"Segoe UI\", Roboto, \"Helvetica Neue\", Arial, \"Noto Sans\";\n  }\n\n  .sv-search {\n    position: relative;\n    display: flex;\n    align-items: stretch;\n    background: var(--sv-bg);\n    border: 1px solid var(--sv-border);\n    border-radius: 16px;\n    overflow: hidden;\n    box-shadow: 0 6px 18px rgba(0,0,0,.05);\n    transition: box-shadow .2s ease, border-color .2s ease, transform .12s ease;\n  }\n  .sv-search:focus-within {\n    border-color: var(--sv-accent);\n    box-shadow: 0 8px 22px var(--sv-focus);\n    transform: translateY(-1px);\n  }\n\n  .sv-icon-left {\n    display: grid;\n    place-items: center;\n    width: 48px;\n    color: var(--sv-muted);\n    flex: 0 0 48px;\n  }\n\n  .sv-input {\n    flex: 1 1 auto;\n    border: 0;\n    outline: 0;\n    font-size: 16px;\n    padding: 14px 12px;\n    min-width: 0;\n    color: var(--sv-text);\n    background: transparent;\n  }\n  .sv-input::placeholder { color: #94a3b8; }\n  .sv-input:focus::placeholder { opacity: .6; }\n\n  .sv-clear {\n    display: none;\n    align-items: center;\n    justify-content: center;\n    padding: 0 10px;\n    color: var(--sv-muted);\n    background: transparent;\n    border: 0;\n    cursor: pointer;\n    transition: color .15s ease, transform .1s ease;\n  }\n  .sv-clear:hover { color: var(--sv-text); transform: scale(1.05); }\n\n  .sv-divider {\n    width: 1px;\n    background: var(--sv-border);\n  }\n\n  \/* Bot\u00f3n Buscar en fondo blanco *\/\n  .sv-btn {\n    display: inline-flex;\n    align-items: center;\n    gap: 10px;\n    padding: 0 18px;\n    border: 0;\n    cursor: pointer;\n    font-weight: 600;\n    letter-spacing: .2px;\n    background: #ffffff;              \/* Fondo blanco *\/\n    color: var(--sv-primary);         \/* Texto azul *\/\n    border-left: 1px solid var(--sv-border);\n    transition: transform .08s ease, filter .15s ease, opacity .15s ease;\n  }\n  .sv-btn:hover:enabled { background: #f8fafc; }\n  .sv-btn:active:enabled { transform: translateY(1px); }\n  .sv-btn:disabled { opacity: .5; cursor: not-allowed; }\n\n  .sv-spin { animation: svSpin 800ms linear infinite; }\n  @keyframes svSpin { to { transform: rotate(360deg); } }\n\n  @media (max-width: 520px) {\n    .sv-btn span { display: none; }\n    .sv-btn { padding: 0 14px; }\n    .sv-search { border-radius: 12px; }\n  }\n<\/style>\n\n<div class=\"sv-search-wrap\" role=\"region\" aria-label=\"Buscador Sayvaluation\">\n  <form class=\"sv-search\" role=\"search\" aria-label=\"Buscar tests\" autocomplete=\"off\">\n    <div class=\"sv-icon-left\" aria-hidden=\"true\"><i class=\"fa-solid fa-magnifying-glass\"><\/i><\/div>\n\n    <input id=\"sv-input\" class=\"sv-input\" type=\"search\" name=\"q\"\n           placeholder=\"Busca el tema que deseas evaluar\u2026\"\n           aria-label=\"Buscar tests\">\n\n    <button type=\"button\" id=\"sv-clear\" class=\"sv-clear\" aria-label=\"Borrar b\u00fasqueda\">\n      <i class=\"fa-solid fa-xmark\"><\/i>\n    <\/button>\n\n    <div class=\"sv-divider\" aria-hidden=\"true\"><\/div>\n\n    <button type=\"submit\" id=\"sv-btn\" class=\"sv-btn\" aria-label=\"Buscar\">\n      <i class=\"fa-solid fa-magnifying-glass\"><\/i>\n      <span>Buscar<\/span>\n    <\/button>\n  <\/form>\n<\/div>\n\n<script>\n\/* ===== Sayvaluation Buscador - L\u00f3gica ===== *\/\n(function() {\n  const form   = document.currentScript.previousElementSibling.querySelector('.sv-search');\n  const input  = form.querySelector('#sv-input');\n  const clear  = form.querySelector('#sv-clear');\n  const button = form.querySelector('#sv-btn');\n\n  const BASE_URL = \"https:\/\/app2.sayvaluation.com\/\";\n\n  function syncUI() {\n    const hasValue = input.value.trim().length > 0;\n    clear.style.display = hasValue ? 'inline-flex' : 'none';\n    button.disabled = !hasValue; \n  }\n\n  function doSearch() {\n    const q = input.value.trim();\n    if (!q) return; \n\n    button.disabled = true;\n    const original = button.innerHTML;\n    button.innerHTML = '<i class=\"fa-solid fa-circle-notch sv-spin\"><\/i><span>Buscando\u2026<\/span>';\n\n    setTimeout(function() {\n      const url = BASE_URL + \"?q=\" + encodeURIComponent(q);\n      window.location.href = url;\n    }, 80);\n\n    setTimeout(function() {\n      button.disabled = false;\n      button.innerHTML = original;\n    }, 3000);\n  }\n\n  form.addEventListener('submit', function(e) {\n    e.preventDefault();\n    doSearch();\n  });\n\n  clear.addEventListener('click', function() {\n    input.value = \"\";\n    input.focus();\n    syncUI();\n  });\n\n  input.addEventListener('input', syncUI);\n\n  document.addEventListener('keydown', function(e) {\n    if (e.key === '\/' && !e.metaKey && !e.ctrlKey && !e.altKey) {\n      const tag = (document.activeElement && document.activeElement.tagName) || '';\n      if (!\/INPUT|TEXTAREA|SELECT\/.test(tag)) {\n        e.preventDefault();\n        input.focus();\n      }\n    }\n  });\n\n  syncUI();\n})();\n<\/script>\n<\/div><\/div><\/div><\/div><div class=\"fusion-fullwidth fullwidth-box fusion-builder-row-4 fusion-flex-container nonhundred-percent-fullwidth non-hundred-percent-height-scrolling\" style=\"--awb-border-radius-top-left:0px;--awb-border-radius-top-right:0px;--awb-border-radius-bottom-right:0px;--awb-border-radius-bottom-left:0px;--awb-flex-wrap:wrap;\" ><\/div><\/p>\n","protected":false},"excerpt":{"rendered":"","protected":false},"author":1,"featured_media":0,"parent":0,"menu_order":0,"comment_status":"closed","ping_status":"closed","template":"100-width.php","meta":{"_acf_changed":false,"footnotes":""},"class_list":["post-7","page","type-page","status-publish","hentry"],"acf":[],"_links":{"self":[{"href":"https:\/\/sayvaluation.com\/index.php?rest_route=\/wp\/v2\/pages\/7","targetHints":{"allow":["GET"]}}],"collection":[{"href":"https:\/\/sayvaluation.com\/index.php?rest_route=\/wp\/v2\/pages"}],"about":[{"href":"https:\/\/sayvaluation.com\/index.php?rest_route=\/wp\/v2\/types\/page"}],"author":[{"embeddable":true,"href":"https:\/\/sayvaluation.com\/index.php?rest_route=\/wp\/v2\/users\/1"}],"replies":[{"embeddable":true,"href":"https:\/\/sayvaluation.com\/index.php?rest_route=%2Fwp%2Fv2%2Fcomments&post=7"}],"version-history":[{"count":24,"href":"https:\/\/sayvaluation.com\/index.php?rest_route=\/wp\/v2\/pages\/7\/revisions"}],"predecessor-version":[{"id":4495,"href":"https:\/\/sayvaluation.com\/index.php?rest_route=\/wp\/v2\/pages\/7\/revisions\/4495"}],"wp:attachment":[{"href":"https:\/\/sayvaluation.com\/index.php?rest_route=%2Fwp%2Fv2%2Fmedia&parent=7"}],"curies":[{"name":"wp","href":"https:\/\/api.w.org\/{rel}","templated":true}]}}